{"id":120,"date":"2025-09-28T16:41:32","date_gmt":"2025-09-28T14:41:32","guid":{"rendered":"https:\/\/webshop.axecom.dk\/?post_type=product&#038;p=120"},"modified":"2025-09-29T12:32:16","modified_gmt":"2025-09-29T10:32:16","slug":"bogen-om-outsourcing","status":"publish","type":"product","link":"https:\/\/webshop.axecom.dk\/index.php\/vare\/bogen-om-outsourcing\/","title":{"rendered":"Bogen om outsourcing"},"content":{"rendered":"<p>Denne bog dykker ned i et unikt omr\u00e5de: organisatorisk modenhed mellem virksomheder og deres outsourcing partnere. Den pr\u00e6senterer en organisatorisk modenhedsmodel, der d\u00e6kker alt fra strategi, styring, kompetencer, handlinger, personligtilfredshed, relationer og effektivisering. Modellen er skabt for at hj\u00e6lpe virksomheder og deres outsourcing partnere med at vurdere deres samarbejdsm\u00e6ssige modenhed. Med praktiske v\u00e6rkt\u00f8jer som selvevaluering, workshops og teoretiske modeller tilbyder bogen en struktureret vejledning til at komme i gang med forbedring af den organisatoriske modenhed, samtidig med at den ogs\u00e5 opfordrer til uformel dialog for at udforske modenhedsomr\u00e5det. I en tid, hvor \u00f8konomiske parametre og teknologisk udvikling kan skabe nye udfordringer i outsourcingen, bliver organisatorisk modenhed endnu vigtigere at have fokus p\u00e5.<\/p>\n<p>Bogen er et must-read for ledere, der \u00f8nsker at forbedre samarbejdet og effektiviteten mellem deres virksomhed og sourcing partnere.<\/p>\n","protected":false},"excerpt":{"rendered":"<p>Denne bog dykker ned i et unikt omr\u00e5de: organisatorisk modenhed mellem virksomheder og deres outsourcing partnere. Den pr\u00e6senterer en organisatorisk modenhedsmodel, der d\u00e6kker alt fra strategi, styring, kompetencer, handlinger, personligtilfredshed, relationer og effektivisering. Modellen er skabt for at hj\u00e6lpe virksomheder og deres outsourcing partnere med at vurdere deres samarbejdsm\u00e6ssige modenhed. Med praktiske v\u00e6rkt\u00f8jer som selvevaluering, [&hellip;]<\/p>\n","protected":false},"featured_media":148,"template":"","meta":[],"product_brand":[],"product_cat":[20],"product_tag":[],"class_list":{"0":"post-120","1":"product","2":"type-product","3":"status-publish","4":"has-post-thumbnail","6":"product_cat-boeger","8":"first","9":"instock","10":"taxable","11":"shipping-taxable","12":"purchasable","13":"product-type-simple"},"yoast_head":"<!-- This site is optimized with the Yoast SEO plugin v26.3 - https:\/\/yoast.com\/wordpress\/plugins\/seo\/ -->\n<title>Bogen om outsourcing - Axecom Webshop<\/title>\n<meta name=\"robots\" content=\"index, follow, max-snippet:-1, max-image-preview:large, max-video-preview:-1\" \/>\n<link rel=\"canonical\" href=\"https:\/\/webshop.axecom.dk\/index.php\/vare\/bogen-om-outsourcing\/\" \/>\n<meta property=\"og:locale\" content=\"da_DK\" \/>\n<meta property=\"og:type\" content=\"article\" \/>\n<meta property=\"og:title\" content=\"Bogen om outsourcing - Axecom Webshop\" \/>\n<meta property=\"og:description\" content=\"Denne bog dykker ned i et unikt omr\u00e5de: organisatorisk modenhed mellem virksomheder og deres outsourcing partnere. Den pr\u00e6senterer en organisatorisk modenhedsmodel, der d\u00e6kker alt fra strategi, styring, kompetencer, handlinger, personligtilfredshed, relationer og effektivisering. Modellen er skabt for at hj\u00e6lpe virksomheder og deres outsourcing partnere med at vurdere deres samarbejdsm\u00e6ssige modenhed. Med praktiske v\u00e6rkt\u00f8jer som selvevaluering, [&hellip;]\" \/>\n<meta property=\"og:url\" content=\"https:\/\/webshop.axecom.dk\/index.php\/vare\/bogen-om-outsourcing\/\" \/>\n<meta property=\"og:site_name\" content=\"Axecom Webshop\" \/>\n<meta property=\"article:modified_time\" content=\"2025-09-29T10:32:16+00:00\" \/>\n<meta property=\"og:image\" content=\"https:\/\/webshop.axecom.dk\/wp-content\/uploads\/2025\/09\/upscalemedia-transformed.png\" \/>\n\t<meta property=\"og:image:width\" content=\"1010\" \/>\n\t<meta property=\"og:image:height\" content=\"1548\" \/>\n\t<meta property=\"og:image:type\" content=\"image\/png\" \/>\n<meta name=\"twitter:card\" content=\"summary_large_image\" \/>\n<meta name=\"twitter:label1\" content=\"Estimeret l\u00e6setid\" \/>\n\t<meta name=\"twitter:data1\" content=\"1 minut\" \/>\n<script type=\"application\/ld+json\" class=\"yoast-schema-graph\">{\"@context\":\"https:\/\/schema.org\",\"@graph\":[{\"@type\":\"WebPage\",\"@id\":\"https:\/\/webshop.axecom.dk\/index.php\/vare\/bogen-om-outsourcing\/\",\"url\":\"https:\/\/webshop.axecom.dk\/index.php\/vare\/bogen-om-outsourcing\/\",\"name\":\"Bogen om outsourcing - Axecom Webshop\",\"isPartOf\":{\"@id\":\"https:\/\/webshop.axecom.dk\/#website\"},\"primaryImageOfPage\":{\"@id\":\"https:\/\/webshop.axecom.dk\/index.php\/vare\/bogen-om-outsourcing\/#primaryimage\"},\"image\":{\"@id\":\"https:\/\/webshop.axecom.dk\/index.php\/vare\/bogen-om-outsourcing\/#primaryimage\"},\"thumbnailUrl\":\"https:\/\/webshop.axecom.dk\/wp-content\/uploads\/2025\/09\/upscalemedia-transformed.png\",\"datePublished\":\"2025-09-28T14:41:32+00:00\",\"dateModified\":\"2025-09-29T10:32:16+00:00\",\"breadcrumb\":{\"@id\":\"https:\/\/webshop.axecom.dk\/index.php\/vare\/bogen-om-outsourcing\/#breadcrumb\"},\"inLanguage\":\"da-DK\",\"potentialAction\":[{\"@type\":\"ReadAction\",\"target\":[\"https:\/\/webshop.axecom.dk\/index.php\/vare\/bogen-om-outsourcing\/\"]}]},{\"@type\":\"ImageObject\",\"inLanguage\":\"da-DK\",\"@id\":\"https:\/\/webshop.axecom.dk\/index.php\/vare\/bogen-om-outsourcing\/#primaryimage\",\"url\":\"https:\/\/webshop.axecom.dk\/wp-content\/uploads\/2025\/09\/upscalemedia-transformed.png\",\"contentUrl\":\"https:\/\/webshop.axecom.dk\/wp-content\/uploads\/2025\/09\/upscalemedia-transformed.png\",\"width\":1010,\"height\":1548},{\"@type\":\"BreadcrumbList\",\"@id\":\"https:\/\/webshop.axecom.dk\/index.php\/vare\/bogen-om-outsourcing\/#breadcrumb\",\"itemListElement\":[{\"@type\":\"ListItem\",\"position\":1,\"name\":\"Hjem\",\"item\":\"https:\/\/webshop.axecom.dk\/\"},{\"@type\":\"ListItem\",\"position\":2,\"name\":\"Shop\",\"item\":\"https:\/\/webshop.axecom.dk\/index.php\/shop\/\"},{\"@type\":\"ListItem\",\"position\":3,\"name\":\"Bogen om outsourcing\"}]},{\"@type\":\"WebSite\",\"@id\":\"https:\/\/webshop.axecom.dk\/#website\",\"url\":\"https:\/\/webshop.axecom.dk\/\",\"name\":\"Axecom Webshop\",\"description\":\"\",\"publisher\":{\"@id\":\"https:\/\/webshop.axecom.dk\/#organization\"},\"potentialAction\":[{\"@type\":\"SearchAction\",\"target\":{\"@type\":\"EntryPoint\",\"urlTemplate\":\"https:\/\/webshop.axecom.dk\/?s={search_term_string}\"},\"query-input\":{\"@type\":\"PropertyValueSpecification\",\"valueRequired\":true,\"valueName\":\"search_term_string\"}}],\"inLanguage\":\"da-DK\"},{\"@type\":\"Organization\",\"@id\":\"https:\/\/webshop.axecom.dk\/#organization\",\"name\":\"Axecom Webshop\",\"url\":\"https:\/\/webshop.axecom.dk\/\",\"logo\":{\"@type\":\"ImageObject\",\"inLanguage\":\"da-DK\",\"@id\":\"https:\/\/webshop.axecom.dk\/#\/schema\/logo\/image\/\",\"url\":\"https:\/\/webshop.axecom.dk\/wp-content\/uploads\/2025\/09\/Logo-Transparency-01-1-edited-scaled.png\",\"contentUrl\":\"https:\/\/webshop.axecom.dk\/wp-content\/uploads\/2025\/09\/Logo-Transparency-01-1-edited-scaled.png\",\"width\":2560,\"height\":1366,\"caption\":\"Axecom Webshop\"},\"image\":{\"@id\":\"https:\/\/webshop.axecom.dk\/#\/schema\/logo\/image\/\"}}]}<\/script>\n<!-- \/ Yoast SEO plugin. -->","yoast_head_json":{"title":"Bogen om outsourcing - Axecom Webshop","robots":{"index":"index","follow":"follow","max-snippet":"max-snippet:-1","max-image-preview":"max-image-preview:large","max-video-preview":"max-video-preview:-1"},"canonical":"https:\/\/webshop.axecom.dk\/index.php\/vare\/bogen-om-outsourcing\/","og_locale":"da_DK","og_type":"article","og_title":"Bogen om outsourcing - Axecom Webshop","og_description":"Denne bog dykker ned i et unikt omr\u00e5de: organisatorisk modenhed mellem virksomheder og deres outsourcing partnere. Den pr\u00e6senterer en organisatorisk modenhedsmodel, der d\u00e6kker alt fra strategi, styring, kompetencer, handlinger, personligtilfredshed, relationer og effektivisering. Modellen er skabt for at hj\u00e6lpe virksomheder og deres outsourcing partnere med at vurdere deres samarbejdsm\u00e6ssige modenhed. Med praktiske v\u00e6rkt\u00f8jer som selvevaluering, [&hellip;]","og_url":"https:\/\/webshop.axecom.dk\/index.php\/vare\/bogen-om-outsourcing\/","og_site_name":"Axecom Webshop","article_modified_time":"2025-09-29T10:32:16+00:00","og_image":[{"width":1010,"height":1548,"url":"https:\/\/webshop.axecom.dk\/wp-content\/uploads\/2025\/09\/upscalemedia-transformed.png","type":"image\/png"}],"twitter_card":"summary_large_image","twitter_misc":{"Estimeret l\u00e6setid":"1 minut"},"schema":{"@context":"https:\/\/schema.org","@graph":[{"@type":"WebPage","@id":"https:\/\/webshop.axecom.dk\/index.php\/vare\/bogen-om-outsourcing\/","url":"https:\/\/webshop.axecom.dk\/index.php\/vare\/bogen-om-outsourcing\/","name":"Bogen om outsourcing - Axecom Webshop","isPartOf":{"@id":"https:\/\/webshop.axecom.dk\/#website"},"primaryImageOfPage":{"@id":"https:\/\/webshop.axecom.dk\/index.php\/vare\/bogen-om-outsourcing\/#primaryimage"},"image":{"@id":"https:\/\/webshop.axecom.dk\/index.php\/vare\/bogen-om-outsourcing\/#primaryimage"},"thumbnailUrl":"https:\/\/webshop.axecom.dk\/wp-content\/uploads\/2025\/09\/upscalemedia-transformed.png","datePublished":"2025-09-28T14:41:32+00:00","dateModified":"2025-09-29T10:32:16+00:00","breadcrumb":{"@id":"https:\/\/webshop.axecom.dk\/index.php\/vare\/bogen-om-outsourcing\/#breadcrumb"},"inLanguage":"da-DK","potentialAction":[{"@type":"ReadAction","target":["https:\/\/webshop.axecom.dk\/index.php\/vare\/bogen-om-outsourcing\/"]}]},{"@type":"ImageObject","inLanguage":"da-DK","@id":"https:\/\/webshop.axecom.dk\/index.php\/vare\/bogen-om-outsourcing\/#primaryimage","url":"https:\/\/webshop.axecom.dk\/wp-content\/uploads\/2025\/09\/upscalemedia-transformed.png","contentUrl":"https:\/\/webshop.axecom.dk\/wp-content\/uploads\/2025\/09\/upscalemedia-transformed.png","width":1010,"height":1548},{"@type":"BreadcrumbList","@id":"https:\/\/webshop.axecom.dk\/index.php\/vare\/bogen-om-outsourcing\/#breadcrumb","itemListElement":[{"@type":"ListItem","position":1,"name":"Hjem","item":"https:\/\/webshop.axecom.dk\/"},{"@type":"ListItem","position":2,"name":"Shop","item":"https:\/\/webshop.axecom.dk\/index.php\/shop\/"},{"@type":"ListItem","position":3,"name":"Bogen om outsourcing"}]},{"@type":"WebSite","@id":"https:\/\/webshop.axecom.dk\/#website","url":"https:\/\/webshop.axecom.dk\/","name":"Axecom Webshop","description":"","publisher":{"@id":"https:\/\/webshop.axecom.dk\/#organization"},"potentialAction":[{"@type":"SearchAction","target":{"@type":"EntryPoint","urlTemplate":"https:\/\/webshop.axecom.dk\/?s={search_term_string}"},"query-input":{"@type":"PropertyValueSpecification","valueRequired":true,"valueName":"search_term_string"}}],"inLanguage":"da-DK"},{"@type":"Organization","@id":"https:\/\/webshop.axecom.dk\/#organization","name":"Axecom Webshop","url":"https:\/\/webshop.axecom.dk\/","logo":{"@type":"ImageObject","inLanguage":"da-DK","@id":"https:\/\/webshop.axecom.dk\/#\/schema\/logo\/image\/","url":"https:\/\/webshop.axecom.dk\/wp-content\/uploads\/2025\/09\/Logo-Transparency-01-1-edited-scaled.png","contentUrl":"https:\/\/webshop.axecom.dk\/wp-content\/uploads\/2025\/09\/Logo-Transparency-01-1-edited-scaled.png","width":2560,"height":1366,"caption":"Axecom Webshop"},"image":{"@id":"https:\/\/webshop.axecom.dk\/#\/schema\/logo\/image\/"}}]}},"_links":{"self":[{"href":"https:\/\/webshop.axecom.dk\/index.php\/wp-json\/wp\/v2\/product\/120","targetHints":{"allow":["GET"]}}],"collection":[{"href":"https:\/\/webshop.axecom.dk\/index.php\/wp-json\/wp\/v2\/product"}],"about":[{"href":"https:\/\/webshop.axecom.dk\/index.php\/wp-json\/wp\/v2\/types\/product"}],"wp:featuredmedia":[{"embeddable":true,"href":"https:\/\/webshop.axecom.dk\/index.php\/wp-json\/wp\/v2\/media\/148"}],"wp:attachment":[{"href":"https:\/\/webshop.axecom.dk\/index.php\/wp-json\/wp\/v2\/media?parent=120"}],"wp:term":[{"taxonomy":"product_brand","embeddable":true,"href":"https:\/\/webshop.axecom.dk\/index.php\/wp-json\/wp\/v2\/product_brand?post=120"},{"taxonomy":"product_cat","embeddable":true,"href":"https:\/\/webshop.axecom.dk\/index.php\/wp-json\/wp\/v2\/product_cat?post=120"},{"taxonomy":"product_tag","embeddable":true,"href":"https:\/\/webshop.axecom.dk\/index.php\/wp-json\/wp\/v2\/product_tag?post=120"}],"curies":[{"name":"wp","href":"https:\/\/api.w.org\/{rel}","templated":true}]}}